{"id":529,"date":"2019-03-29T12:59:41","date_gmt":"2019-03-29T12:59:41","guid":{"rendered":"http:\/\/www.backlinktest.com\/blog\/?page_id=529"},"modified":"2022-05-07T07:45:22","modified_gmt":"2022-05-07T07:45:22","slug":"links-aufbauen-tipps","status":"publish","type":"page","link":"https:\/\/www.backlinktest.com\/blog\/links-aufbauen-tipps\/","title":{"rendered":"Backlinks aufbauen &#8211; ein umfassender Ratgeber"},"content":{"rendered":"<p>Bessere Positionen in den Suchmaschinen bzw. bei Google &#8211; davon tr\u00e4umt wohl jeder Webseitenbetreiber. Denn gute Rankings sind ein Garant f\u00fcr wertvolle Besucherstr\u00f6me. Wer zu weit hinten in den Trefferlisten steht, wird kaum angeklickt. Schon nach Platz 6 sinkt die Klickrate praktisch in die Bedeutungslosigkeit. Der Aufbau von geeigneten Backlinks geh\u00f6rt nach wie vor zu den wichtigsten Faktoren zur Suchmaschinenoptimierung. Wir wollen Ihnen im Folgenden die wichtigsten und besten Strategien sowie Quellen zur Generierung von Backlinks aufzeigen.<!--more--><\/p>\n<h2>Wo, Wer, Wie, Wieviel und Welche?<\/h2>\n<div class=\"bild_r\"><img loading=\"lazy\" decoding=\"async\" src=\"https:\/\/www.backlinktest.com\/blog\/wp-content\/uploads\/2012\/11\/linkbuilding.jpg\" alt=\"Linkbuilding\" width=\"290\" height=\"174\" \/><\/div>\n<p>So k\u00f6nnte man die <u>5 W\u00b4s des Linkaufbaus<\/u> zusammenfassen. Wo bekomme ich gute Backlinks her? Wer kann mir ggf. dabei helfen? Wie mache ich das selbst? Wie viel ben\u00f6tigt man und welche sollte man haben bzw. welche nicht? Auf all diese Punkte gehen wir hier im Detail ein.<\/p>\n<h2>1. Drum pr\u00fcfe, wer sich verlinkt \u2026<\/h2>\n<p>Zun\u00e4chst aber einige Tipps vorweg, die Sie beherzigen sollten. Denn falsch eingesetzt und dosiert, kann das k\u00fcnstliche generieren von Backlinks ernsthafter Schaden f\u00fcr Ihre Webseite entstehen.<\/p>\n<p><b>1.1 Setzen Sie nie nur auf eine Backlink (BL)-Quelle<\/b>, sondern diversifizieren so weit wie m\u00f6glich. Welche das sind und viele Ideen f\u00fcr gute Backlinks, finden Sie weiter unten im Text unter Punkt 3.<\/p>\n<p><b>1.2 Qualit\u00e4t z\u00e4hlt mehr als Quantit\u00e4t:<\/b> Insbesondere seit dem sogenannten Pinguin-Update von Google im April 2012 (und s\u00e4mtlichen Updates seither), gilt dies umso mehr. Link ist eben doch nicht gleich Link, wie es viele SEO-Kollegen bis dato gerne propagierten. Das hei\u00dft nicht unbedingt, dass es nur ratsam ist, extrem hochwertige Links aufzubauen. Vielmehr gilt es bei Quellen vorsichtig zu sein, die f\u00fcr jedermann offen stehen. Wie etwa Webkataloge und Social Bookmark-Portale. Ein geringer Prozentsatz kann durchaus sinnvoll sein, doch wer ausschlie\u00dflich auf solche Quellen setzt, landet mit Sicherheit \u00fcber kurz oder lang in einem Filter bzw. gelangt direkt in die \u201eF\u00e4nge des Pinguins\u201c.<\/p>\n<p><b>1.3 \u201eNat\u00fcrlicher Aufbau\u201c:<\/b> Viele Webseitenbetreiber setzen immer noch einzig auf Links, die aus dem Wunschkeyword bestehen. Doch auf diese Weise verlinken \u201enormale Menschen\u201c ohne SEO-Ambitionen fast nie. Blogbetreiber oder Forennutzer setzen diese meist, wie ihnen gerade danach ist. Mal die komplette URL oder aber nur ein simples \u201edort\u201c oder \u201ehier\u201c. Das macht sich Google seit Jahren schon zu Nutze, und ist so in der Lage recht gut zu erkennen, ob jemand wahrscheinlich \u201enachgeholfen\u201c hat. Erst recht dann, wenn immer nur ein oder 2 Keywords ohne Abwandlung verwendet werden. Achten Sie also beim Linkaufbau unbedingt auf eine gute Variation. Das ist jedoch nicht das einzige Gebot f\u00fcr unauff\u00e4llige Arbeitsweise. Links ausschlie\u00dflich auf die Startseite, erscheinen ebenfalls nicht wirklich \u201enat\u00fcrlich\u201c. Es sei denn, man hat nur diese. Selbiges gilt f\u00fcr den Anteil an nofollow-Links. Viele meiden diese, da sie ja vermeintlich nichts bringen. Doch f\u00fcr einen nat\u00fcrlichen Mix, sind auch solch \u201eabgewerteten\u201c Links schlicht unentbehrlich. Wir hoch der Anteil sein sollte, dar\u00fcber wird gestritten. Eine feste Zahl kann also keiner bieten. Unserer Meinung nach, sollten es aber schon mindestens 3-5 Prozent sein. Wie hoch Ihre aktuelle Quote ist, k\u00f6nnen Sie \u00fcbrigens <a href=\"https:\/\/www.backlinktest.com\" target=\"_blank\" rel=\"noopener noreferrer\">hier im Backlinkchecker ermitteln<\/a>.<\/p>\n<p><b>1.4 Zeit und Kreativit\u00e4t<\/b><br \/>\nSchnell hoch und schnell runter. So k\u00f6nnte der verk\u00fcrzte Werdegang aussehen, falls man es zu hastig angeht. Unter Punkt 1.3 geh\u00f6rt eigentlich noch die Geschwindigkeit des Backlinkaufbaus. Langsam und kontinuierlich hei\u00dft die Devise. Das Negativbeispiel w\u00e4re: Monatelang keinen Backlink erhalten, dann pl\u00f6tzlich 20 St\u00fcck pro Woche gefolgt von einem abrupten Ende. Geben Sie Ihren Ma\u00dfnahmen Zeit, denn Ver\u00e4nderungen (positiv oder negativ) zeigen sich meist erst Monate sp\u00e4ter. Links jenseits des Mainstreams aufzubauen, verlangt zudem ein gewisses Ma\u00df an Kreativit\u00e4t. Denn wirklich gute Quellen lassen sich nur so \u201eanzapfen\u201c. Tipps dazu finden Sie im Abschnitt 3.<\/p>\n<h2>2. Linkkauf<\/h2>\n<p>Der Kauf von Backlinks ist die schnellste und einfachste M\u00f6glichkeit zur Backlink-Generierung, wenn auch nicht die billigste und gef\u00e4hrlichste. Denn diese Vorgehensweise nicht ganz risikolos, steht sie doch bei Google ganz oben auf der &#8222;B\u00f6se-B\u00f6se Liste&#8220;. Welche M\u00f6glichkeiten es gibt und was beachtet werden sollte, finden Sie <a title=\"Kaufen oder nicht? Ein ausf\u00fchrlicher Ratgeber samt M\u00f6glichkeiten.\" href=\"https:\/\/www.backlinktest.com\/blog\/backlinks-kaufen-risiken-chancen\/\" target=\"_blank\" rel=\"noopener noreferrer\">in diesem Ratgeber<\/a>.<\/p>\n<h2>3. Selbst ist der SEO &#8211; so generieren Sie gute Backlinks in Eigenregie<\/h2>\n<p>Mit gen\u00fcgend Zeit, Ideen und etwas Erfahrung, gelingt der Backlinkaufbau auch ohne fremde Hilfe (Punkt 5). Es gibt unz\u00e4hlige M\u00f6glichkeiten. Die popul\u00e4rsten und wichtigsten stellen wir folgend vor. Zudem bewerten wir jeweils die einzelnen Wege nach <b>Aufwand\/Kosten<\/b> und potenzieller <b>Wirksamkeit<\/b>.<\/p>\n<ul>\n<li><strong>Content is King<\/strong><br \/>\nEine Floskel, die nicht uneingeschr\u00e4nkt von allen SEOs geteilt wird. Doch gute Inhalte in Form von Texten, Bildern und ggf. auch Videos sind praktisch das Grundger\u00fcst einer guten Webseite und f\u00fcr den langfristigen(!) Erfolg. Wer nichts zu bieten hat, ist auch nicht interessant. Doch wie hilft mir das beim Linkaufbau? Ganz einfach! Je besser Ihre Besucher das gebotene einsch\u00e4tzen, desto wahrscheinlich ist auch, dass jemand auf nat\u00fcrlichem Wege (also freiwillig) darauf verlinkt. Zum Beispiel ein Problem, welches gerade in einem Forum diskutiert wird und Sie die L\u00f6sung schon vor Wochen in Ihrem Blog online stellten! Oder weil ein Blogger gerade ein Thema anspricht, dass Sie gut beschrieben haben. Langfristig resultiert aus einer wachsenden Basis guten Contents selbstverst\u00e4ndlich auch eine steigende Besucherschar. Und das ist letztendlich schlie\u00dflich unser Ziel! Tipp: Wer nicht selbst schreiben kann oder will findet bei texterjobboerse.de geeignete Autoren. <em>Wirksamkeit: hoch Aufwand: relativ hoch<\/em><\/li>\n<\/ul>\n<ul>\n<li><strong>Blog etablieren<\/strong><br \/>\nViele haben das Problem, da\u00df ihre Webseite nicht wirklich daf\u00fcr ausgelegt ist, umfangreiche Inhalte zu pr\u00e4sentieren. Eine Firmenwebseite soll meistens kurz und knapp \u201epr\u00e4sentieren\u201c. Und Onlineshops wollen Produkte verkaufen und k\u00f6nnen Kunden nicht mit seitenlangen Produktinfos \u00fcberlasten. Die L\u00f6sung ist dennoch so simpel, wie effizient. Errichten Sie zus\u00e4tzlich einen Blog. Dort k\u00f6nnen Sie z.B. aktuelle, firmenspezifische Informationen publizieren. Oder \u00fcber Neuigkeiten zu Produkten aus dem Shop bloggen. Es gibt ein wichtiges Update zum Smartphone XY, dann kommunizieren Sie das! Der Vorteil: Mehr Content, mehr Besucher, mehr Kundenn\u00e4he und wahrscheinlich \u00fcber kurz oder lang auch \u201eechte\u201c Links. Es sollten nat\u00fcrlich auch Beitr\u00e4ge dabei sein, die einen echten Informationscharakter haben. Nur \u201ewir sind eine tolle Firma\u201c will auf Dauer keiner lesen. Gute Beispiele sind die Corporate-Blogs von Vodafone oder der Dt. Telekom. <em>Wirksamkeit: hoch Aufwand: mittel<\/em><\/li>\n<\/ul>\n<ul>\n<li><strong>Gratistools anbieten<\/strong><br \/>\nSie sind unschlagbar auf Ihrem Gebiet und viele ben\u00f6tigen Ihren Rat? Dann nutzen Sie dieses Potenzial! Beispiel: Herr X kennt sich bestens mit Mode aus und betreibt einen kleinen Blog. St\u00e4ndig wird er gefragt, wie man die ganzen Gr\u00f6\u00dfenangaben umrechnet. Das Chaos ist bei Konfektionsgr\u00f6\u00dfen bekanntlich perfekt. Sein bester Freund kann gut programmieren, und so machen Sie sich an die Entwicklung eines Konfektionsgr\u00f6\u00dfen-Umrechners. Dieser wird auf den Blog gestellt und jedem Besucher in der Sidebar pr\u00e4sentiert. So etwas kann wie ein echter Linkmagnet wirken. <em>Wirksamkeit: sehr hoch Aufwand: mittel bis sehr hoch<\/em><\/li>\n<\/ul>\n<ul>\n<li><strong>Interviews<\/strong><br \/>\nWer in seinem Gebiet fit ist, kann diese Wissen nutzen, um es zu teilen. Schreiben Sie Seitenbetreiber bzw. Blogger in Ihrem Themenumfeld an und fragen nach einem Interview. Dies ist ein Deal auf Gegenseitigkeit. Der Blogger bekommt kostenlos hochwertigen Content (wir erinnern uns &#8230;) und Sie im Gegenzug etwas Aufmerksamkeit und einen Link. Dieser geh\u00f6rt meist zum guten Ton und sollte mit vereinbart werden. Dies funktioniert nat\u00fcrlich auch anders herum. <em>Wirksamkeit: hoch Aufwand: gering<\/em><\/li>\n<\/ul>\n<ul>\n<li><strong>Gastbeitr\u00e4ge<\/strong><br \/>\nFunktionieren prinzipiell \u00e4hnlich wie Interviews. Allerding bieten Sie selbst als Autor Ihr Fachwissen an und steuern einen Beitrag zu. Im Gegenzug kann ein Link vereinbart werden. Die meisten Blogger sind demgegen\u00fcber recht aufgeschlossen. Vorausgesetzt, der Inhalt stimmt! Unverbindlich anfragen kostet nichts. <em>Wirksamkeit: hoch Aufwand: gering<\/em><\/li>\n<\/ul>\n<ul>\n<li><strong>Linkbaits<\/strong><br \/>\nWenn man so will, eine der SEO-K\u00f6nigsdisziplinen. Richtig eingesetzt, kann mit wenig Aufwand eine erhebliche Anzahl guter, kostenloser Backlinks generiert werden. Leider sehr schwierig umzusetzen und klappt nicht immer! Es gibt ein recht breites Repertoire an Strategien f\u00fcr Linkbaits. <em>Wirksamkeit: extrem hoch Aufwand: leider auch<\/em><\/li>\n<\/ul>\n<ul>\n<li><strong>Preisausschreiben<\/strong><br \/>\nIm Prinzip auch eine Art von Linkbait. Allerdings kann man dieses Instrument recht gut steuern und bspw. auch dazu nutzen, mehr Facebook-Likes zu erhalten. Denn bei einem Gewinnspiel bestimmen ja Sie selbst die Regeln. Leider ein nicht ganz billiger Weg. <em>W: mittel bis hoch A: ebenfalls mittel bis hoch<\/em><\/li>\n<\/ul>\n<ul>\n<li><strong>Linktausch<\/strong><br \/>\nGeh\u00f6rt wohl zu den \u00e4ltesten Wegen \u00fcberhaupt, um Backlinks aufzubauen. Eigentlich nicht mehr ganz \u00fcblich, aber es funktioniert noch! Unsere Empfehlung: Suchen Sie sich \u00fcber Google themennahe Seiten und fragen, ob Interesse an einem Tausch besteht. Wir raten aber dringend zur <u>direkten Ansprache<\/u>! Nicht selten werden dazu spezielle Programme genutzt, die massenweise Anfrage aussenden, was eigentlich nur als SPAM bezeichnet werden kann. Die meisten, die Mails mit \u201eHallo Webmaster\u201c erhalten, l\u00f6schen solche Anschreiben verst\u00e4ndlicher Weise ohnehin sofort. Aber: Nach den Google Richtlinien ist auch ein &#8222;exzessiver&#8220; Linktausch gegen die Richtlinien. Wenn, sollte auch hier wieder gelten &#8211; sparsam einsetzen und es muss passen! Ein getauschter Link auf einer Aquariumseite zu einem Kettens\u00e4gen-Shop ist sicher Quatsch. <em>A: recht gering W: mittel<\/em><\/li>\n<\/ul>\n<ul>\n<li><strong>Konkurrenz analysieren und \u201einspirieren\u201c lassen<\/strong><br \/>\nDer Wettbewerb kann durchaus auch als \u201eInspirationsquelle\u201c dienen &#8211; wie lesen Sie unter Gliederungspunkt 4. <em>W: mittel A: sehr gering<\/em><\/li>\n<\/ul>\n<ul>\n<li><strong>Kostenlose Linkquellen<\/strong><br \/>\nNeben diesen Strategien und Verfahren, finden sich im Netz noch Unmengen an Linkquellen, die kostenlos erschlossen werden k\u00f6nnen. Dies erfordert nur Flei\u00df. Wer diesen scheut, kann solche Aufgaben auch an Dienstleister abgeben, doch dazu sp\u00e4ter mehr. Hier erst einmal die g\u00e4ngigsten Wege, um schnell und gratis Backlinks aufzubauen. Wie? Mehr im folgenden Abschnitt! <em>A: gering W: gering bis mittel<\/em><\/li>\n<\/ul>\n<h3>3.1 Kostenlose (Mainstream) Linkquellen<\/h3>\n<p>Linkausbau muss nicht zwangsweise Unmengen an Geld verschlingen. Voraussetzung ist dann allerdings, dass man sich selbst um die Akquise k\u00fcmmert und Quellen \u201ebeackert\u201c die nichts kosten. Hier mehr zu den g\u00e4ngigsten, <a href=\"https:\/\/www.backlinktest.com\/blog\/gratis-linkquellen-uebersicht-ratgeber\/\" target=\"_blank\" rel=\"noopener noreferrer\">TOP 10 Gratislinkquellen im Web<\/a>.<\/p>\n<h2>4. Konkurrenz analysieren<\/h2>\n<p>Ein oder mehrere Konkurrenten ranken viel besser als Sie? Dann lernen Sie davon! Was macht er besser und vor allem wo hat dieser seine Links her. Nicht selten offenbart sich ein wahres Schatzbecken an neuen Quellen und Ideen. Dazu m\u00fcssen Sie nur die URL mit unserem <a href=\"https:\/\/www.backlinktest.com\" target=\"_blank\" rel=\"noopener noreferrer\">Backlinkchecker untersuchen<\/a>.<\/p>\n<h2>5. Tools zum Backlinkaufbau<\/h2>\n<p>Am Markt findet sich eine ganze Palette von Hilfswerkzeugen. Einmal zur Generierung, zur Analyse der eigenen bzw. fremder Seiten und zur Verwaltung bzw. Kontrolle von Backlinks.<\/p>\n<h3>5.1 Tools zur Generierung<\/h3>\n<p>Darunter sind in erster Linie Programme oder Services zu verstehen, die Ihnen Arbeit beim Linksammeln abnehmen k\u00f6nnen. Es gibt sogar Hilfsmittel, die (fast) automatische Eintr\u00e4ge in Social-Bookmarkportale, Webkataloge oder \u00e4hnliches vornehmen. Von solchen Automatismen raten wir jedoch kategorisch ab und sprechen daher auch keine Empfehlung aus.<\/p>\n<h3>5.2 Tools zur Analyse<\/h3>\n<p>Wie schon erw\u00e4hnt, kann ein Backlinkcheck recht hilfreich sein, seinen eigenen Status-Quo zu ermitteln und die der Mitbewerber. Wer genaue Rankinganalysen betreiben will, etwa mit SERP-Entwicklungen bestimmter Keywords etc., muss leider zu kostenpflichtigen Suiten greifen. Wie etwa von Sistrix. Preis: Ab ca. 100 \u20ac monatlich. Allerdings sollte man auch halbwegs wissen, wie man die zahlreichen Daten und Instrumente interpretieren und einsetzen muss.<\/p>\n<h3>5.3 Tools zur Verwaltung von Backlinks<\/h3>\n<p>Wer m\u00fchsam 10 verschiedene Links ertauscht hat, will sicher auch hin und wieder wissen, ob diese noch unver\u00e4ndert bestehen. Oder, wie das eigene Linkportfolio geplant werden soll. Linkbutler.de stellt dazu einen sehr hilfreichen Service zur Verf\u00fcgung.<\/p>\n<h2>6. Dienstleister | SEO-Agenturen und Linkeintragungs-Service<\/h2>\n<p>Backlinkaufbau ist Ihnen nach Lekt\u00fcre unseres Ratgebers dann doch zu kompliziert oder aufw\u00e4ndig? Kein Problem, fokussieren Sie sich weiter auf Ihr Kerngesch\u00e4ft! Selbstverst\u00e4ndlich gibt es Profis, die Ihnen diese Arbeit abnehmen k\u00f6nnen, z.B eine spezialisierte <a href=\"https:\/\/www.3wfuture.de\/online-marketing-agentur\/seo-agentur\/\" rel=\"noopener noreferrer\" target=\"_blank\">SEO Agentur<\/a>. Hier finden sich fast in jeder gr\u00f6\u00dferen Stadt entsprechende Ansprechpartner. Allerdings mitunter zu saftigen Preisen! Zudem gilt auch hier: Qualit\u00e4t hat ihren Preis. Nicht wenige Billigheimer versprechen unbedarften Kunden das Blaue vom Himmel. Seri\u00f6se Partner hingegen erarbeiten mit Ihnen zun\u00e4chst eine realistische Zielvorgabe nach Analyse des Ist-Zustandes. Wir arbeiten \u00fcbrigens an einer Agenturliste und hoffen, Ihnen diese hier bald pr\u00e4sentieren zu k\u00f6nnen.<\/p>\n<h2>7. Kosten f\u00fcr Adwords sparen<\/h2>\n<p>Und der Lohn f\u00fcr die ganze Sammelei und Arbeit? Fr\u00fcher oder sp\u00e4ter werden Ihre Seiten bestimmt mit besseren Rankings belohnt und erhalten somit mehr Besucher. Mittel- bis langfristig spart das nat\u00fcrlich erheblich viel Geld, da die Str\u00f6me nun auch gezielt zu Conversions verwandelt werden k\u00f6nnen. Und zwar auch ohne teure Anzeigen via Bing, Google und Co.<\/p>\n<h2>Schlusswort<\/h2>\n<p>Backlinks zu generieren ist nur EIN Aspekt f\u00fcr dauerhaft gute Rankings. Die Offpage-Optimierung Ihrer Webseite, social signals (z.B. Facebook-Likes), <a href=\"https:\/\/www.backlinktest.com\/blog\/?s=onpage\">zahlreiche Onpage-Faktoren<\/a> und viele andere trustgebende Signale, spielen ebenfalls eine gewichtige Rolle. F\u00fcr einen langfristigen Erfolg sollten alle diese Aspekte in etwa gleichwertig behandelt und verbessert werden &#8211; nicht nur die der Linkstruktur &#8230;<\/p>\n<div class=\"quelle\">Bild: \u00a9 Mathias Rosenthal &#8211; Fotolia.com<\/div>\n","protected":false},"excerpt":{"rendered":"<p>Bessere Positionen in den Suchmaschinen bzw. bei Google &#8211; davon tr\u00e4umt wohl jeder Webseitenbetreiber. Denn gute Rankings sind ein Garant f\u00fcr wertvolle Besucherstr\u00f6me. Wer zu &hellip; <\/p>\n","protected":false},"author":2,"featured_media":0,"parent":0,"menu_order":0,"comment_status":"open","ping_status":"closed","template":"","meta":{"jetpack_post_was_ever_published":false,"footnotes":""},"class_list":["post-529","page","type-page","status-publish","hentry"],"aioseo_notices":[],"jetpack_shortlink":"https:\/\/wp.me\/P1Rh7p-8x","jetpack_sharing_enabled":true,"_links":{"self":[{"href":"https:\/\/www.backlinktest.com\/blog\/wp-json\/wp\/v2\/pages\/529","targetHints":{"allow":["GET"]}}],"collection":[{"href":"https:\/\/www.backlinktest.com\/blog\/wp-json\/wp\/v2\/pages"}],"about":[{"href":"https:\/\/www.backlinktest.com\/blog\/wp-json\/wp\/v2\/types\/page"}],"author":[{"embeddable":true,"href":"https:\/\/www.backlinktest.com\/blog\/wp-json\/wp\/v2\/users\/2"}],"replies":[{"embeddable":true,"href":"https:\/\/www.backlinktest.com\/blog\/wp-json\/wp\/v2\/comments?post=529"}],"version-history":[{"count":1,"href":"https:\/\/www.backlinktest.com\/blog\/wp-json\/wp\/v2\/pages\/529\/revisions"}],"predecessor-version":[{"id":1905,"href":"https:\/\/www.backlinktest.com\/blog\/wp-json\/wp\/v2\/pages\/529\/revisions\/1905"}],"wp:attachment":[{"href":"https:\/\/www.backlinktest.com\/blog\/wp-json\/wp\/v2\/media?parent=529"}],"curies":[{"name":"wp","href":"https:\/\/api.w.org\/{rel}","templated":true}]}}