{"id":424,"date":"2019-05-11T15:10:36","date_gmt":"2019-05-11T15:10:36","guid":{"rendered":"http:\/\/www.backlinktest.com\/blog\/?page_id=424"},"modified":"2022-05-07T07:45:22","modified_gmt":"2022-05-07T07:45:22","slug":"backlinks-kaufen-risiken-chancen","status":"publish","type":"page","link":"https:\/\/www.backlinktest.com\/blog\/backlinks-kaufen-risiken-chancen\/","title":{"rendered":"Backlinks kaufen: M\u00f6glichkeiten, Risiken &amp; Chancen"},"content":{"rendered":"<p><img loading=\"lazy\" decoding=\"async\" src=\"https:\/\/www.backlinktest.com\/blog\/wp-content\/uploads\/2012\/11\/backlinkkauf-title.jpg\" alt=\"\" title=\"Ratgeber zum Thema Backlink-Kauf\" width=\"582\" height=\"185\" class=\"alignnone size-full wp-image-475\" srcset=\"https:\/\/www.backlinktest.com\/blog\/wp-content\/uploads\/2012\/11\/backlinkkauf-title.jpg 582w, https:\/\/www.backlinktest.com\/blog\/wp-content\/uploads\/2012\/11\/backlinkkauf-title-300x95.jpg 300w\" sizes=\"auto, (max-width: 582px) 100vw, 582px\" \/>Backlinks sind seit jeher das sprichw\u00f6rtliche \u201eSalz in der Suppe\u201c beim Thema Suchmaschinenoptimierung, kurz SEO. Sie gelten bis heute als DER entscheidende Einflussflaktor (von vielen) f\u00fcr gute Rankings in den Suchergebnissen (SERPS), insbesondere bei Google. Mehr Links f\u00fchren zu besseren Positionen &#8211; das Besucheraufkommen steigt. Versteht man diese Besucherstr\u00f6me richtig zu lenken, l\u00e4\u00dft sich der Umsatz deutlich steigern.<!--more--><\/p>\n<p><img loading=\"lazy\" decoding=\"async\" src=\"https:\/\/www.backlinktest.com\/blog\/wp-content\/uploads\/2012\/11\/umsatz1.jpg\" alt=\"\" title=\"Mehr Links = mehr Besucher = besserer Umsatz\" width=\"464\" height=\"57\" \/><\/p>\n<p>Dass diese Formel allerdings kein \u201eNaturgesetz\u201c ist und nicht zu einseitig interpretiert werden darf, zeigen wir im Verlauf dieses Artikels noch. Doch zun\u00e4chst wollen wir uns der Frage stellen, soll\/kann man Backlinks kaufen und wenn ja, wo und wie? Was kostet das und welche Alternativen gibt es?<\/p>\n<h2>1. Probleme und Risiken beim Backlinkkauf<\/h2>\n<p>Der Algorithmus von Google folgt in seiner urspr\u00fcnglichen Idee einem recht simplen Konzept. Statt, wie andere Suchmaschinengenerationen zuvor prim\u00e4r den Text zu analysieren, r\u00fcckte die Linkstruktur der Webseiten untereinander stark in den Vordergrund. Linkt eine Seite X im Text auf eine andere Seite, so sollte dies als eine Art \u201eAuszeichnung\u201c bzw. &#8222;Empfehlung&#8220; interpretiert werden. Der Grundgedanke hinter diesem System: Dann wird der Leser dort weitere Informationen finden, also ist das Linkziel wohl relevant und sollte ggf. auch in den SERPs (Kurzwort f\u00fcr Suchmaschinenergebnisse) besser gerankt werden. <\/p>\n<p>Die urspr\u00fcngliche Idee eines Hyperlinkes ist ja, Informationen f\u00fcr den Leser zu bieten, die man auf der eigenen Seite (interner Link) schon vorliegen hat ODER aber, die andere Seiten bieten (externer Link) und man nicht selbst verfasst hat. Als Erg\u00e4nzung oder Tipp praktisch. Doch da mit dem Internet bekanntlich auch viel Geld verdient werden kann, schaffte Google sich so indirekt selbst ein Problem. Findige Suchmaschinenoptimierer fanden immer neue Wege, k\u00fcnstliche Links zu generieren. Zu Beginn etwa auf riesigen Linksammelsilos, meist ohne jeglichen Mehrwert und mit dem einzigen Zweck nur zu Generierung von R\u00fcckverlinkungen. Seit jeher l\u00e4uft daher eine Art \u201eKatz &#038; Maus\u201c-Spiel zwischen Google und SEOs, solche unnat\u00fcrlichen Linkquellen zu enttarnen und zu entwerten. Da der Kauf von Backlinks f\u00fcr Google also systembedingt eine Art \u201eT\u00e4uschung\u201c ist, steht die Bek\u00e4mpfung dieser Form der Linkgenerierung daher seit Jahren ganz oben auf der Liste des Suchmaschinenbetreibers. In den Richtlinien f\u00fcr Webseitenbetreiber steht daher explizit, dass der Kauf von Links eine Verletzung darstellt. Die Folgen k\u00f6nnen Abstrafungen sein. Diese \u00e4u\u00dfern sich darin, dass sich die Rankings leicht bis extrem verschlechtern. Je nach Art und St\u00e4rke dieser sogenannten \u201ePenalitys\u201c, von minus 10 Pl\u00e4tzen bei einzelnen Keywords, bis zum kompletten Delisting ist alles m\u00f6glich.<\/p>\n<h3>1.1\tKaufen oder doch lieber nicht?<\/h3>\n<p>Vor diesem Hintergrund wird der eine oder andere jetzt sicher lieber Abstand nehmen wollen vom Backlinkkauf!? Wer sich strikt an die Richtlinien halten will, ist damit auch gut beraten. ABER: Je nach Branche ist es extrem schwer bis ganz unm\u00f6glich, ohne dieses Instrument auszukommen. Praktisch jeder bekannte Onlineversand, Reiseseite, Versicherung, Tarifvergleichsportal etc. besch\u00e4ftigt heute eine SEO-Agentur. Und der Kauf von Backlinks geh\u00f6rt direkt oder indirekt auch da zum Handwerkszeug. Aber selbst bei kleinen, neuen Seiten kann es sinnvoll sein, mit einigen gekauften Links einen &#8222;Grundstein&#8220; zu legen. Wer nur auf organisches Linkwachstum setzt, braucht entweder v\u00f6llig einzigartige und interessante Produkte\/Infos, oder aber sehr viel Zeit. \u00dcber letzteres verf\u00fcgen aber insbesondere Startups und Gr\u00fcnder kaum. Die Frage ist also oft nicht, OB man Backlinkskaufen sollte! Vielmehr, wie man dieses Instrument so intelligent streut und einsetzt, dass diese gar nicht als solche erkannt werden bzw. mit nur sehr geringer Wahrscheinlichkeit. Die gute Nachricht &#8211; das ist prinzipiell m\u00f6glich! Entweder mit viel Erfahrung, Hilfsmitteln und in Eigenleistung oder mit professioneller Hilfe von Agenturen und anderen Dienstleistern. <\/p>\n<h2>2. Indirekter Kauf &#8211; Dienstleister erledigen Abwicklung<\/h2>\n<p>Der bequemste und schnellste Weg an gute Backlinks zu kommen, ist die Beauftragung eines SEO-Fachmanns oder einer SEO-Agentur (z.B. \u00fcber seojobboerse.de). Leider, verst\u00e4ndlicher Weise, auch der teuerste! Doch durch professionelle Betreuung k\u00f6nnen mittel- und langfristig hervorragende Ergebnisse erzielt werden. Anf\u00e4nger laufen zudem schnell Gefahr, mangels Erfahrung, eher das Gegenteil zu bewirken und irreparablen Schaden anzurichten. <\/p>\n<div class=\"bild_l_cl\">\n<img loading=\"lazy\" decoding=\"async\" src=\"https:\/\/www.backlinktest.com\/blog\/wp-content\/uploads\/2017\/03\/agentur.jpg\" alt=\"\" width=\"575\" height=\"350\" class=\"alignright size-full wp-image-1184\" srcset=\"https:\/\/www.backlinktest.com\/blog\/wp-content\/uploads\/2017\/03\/agentur.jpg 575w, https:\/\/www.backlinktest.com\/blog\/wp-content\/uploads\/2017\/03\/agentur-300x183.jpg 300w\" sizes=\"auto, (max-width: 575px) 100vw, 575px\" \/><\/p>\n<p>SEO Agentur beauftragen f\u00fcr mehr Erfolg<\/p>\n<\/div>\n<p>Es gibt dutzende M\u00f6glichkeiten, um an Links zu kommen. Wie immer im Leben gilt, je schwieriger es ist ein Gut zu erhalten, desto teurer wird es. Von vermeintlichen Schn\u00e4ppchenangeboten wie \u201e1000 Backlinks f\u00fcr 30 \u20ac\u201c sollte man gleich aus mehreren Gr\u00fcnden die Finger lassen. Gute Arbeit und Qualit\u00e4t kostet, das sollte man bei der Anbieterwahl beachten. Langfristig zahlt sich die Investition doch meist aus, besonders im Vergleich zu permanenten und kostenintensiven Adwordskampagnen. Die Formel \u201eviel hilft viel\u201c gilt beim Backlinksammeln \u00fcbrigens l\u00e4ngst nicht mehr. Sowohl Qualit\u00e4t, Art, Beschaffenheit (Anchortext, <a href=\"https:\/\/www.backlinktest.com\/blog\/dofollow-und-nofollow-tags-richtlinien-fuer-das-verhaeltnis\/\">follow, nofollow<\/a>), Quellentyp, als auch der thematische Zusammenhang, die zeitliche Verteilung und der richtige Mix spielen eine wichtige Rolle. Im Zuge einer Beratung durch eine SEO-Agentur, sollten auf jeden Fall (realistische) Ziele klar definiert werden und wie diese zu erreichen sind. Zudem geh\u00f6rt ein ordentliches, regelm\u00e4\u00dfiges Reporting (Was wurde wie, wann gemacht?) zu den Pflichtpunkten bei der Anbieterwahl. Planen Sie langfristig, denn gute Suchmaschinenoptimierung braucht Zeit. Gemeint ist ein Horizont von wenigstens 6 Monaten und mehr. Kurzfristige Erfolge bringen nur der Agentur etwas und nicht Ihnen! Wer Ihnen verspricht, in 2 Monaten, f\u00fcr 300 \u20ac monatlich, bei einem umk\u00e4mpften Begriff auf Platz 1 zu kommen, sollte besser gleich aus der Kontaktdatei gestrichen werden.<\/p>\n<h3>2.1 Anbieter und Agenturen<\/h3>\n<p>Der Markt gibt praktisch f\u00fcr jeden Bedarf und Geldbeutel etwas her. Angefangen von Agenturen, die Kunden mit sechsstelligen Monatsbudgets betreuen, bis hin zu Dienstleistern, die einzelne Link-Kaufpakete f\u00fcr deutlich unter 100 \u20ac anbieten. Aber: Je h\u00f6her das Budget, desto wertvollere Quellen k\u00f6nnen auch angezapft werden. F\u00fcr Kunden, die nur sehr kleine finanzielle Spielr\u00e4ume haben, bieten diverse Marktakteure einen breiten Mix aus Eintr\u00e4gen in Social-Bookmarks, Branchenb\u00fccher, Pressemitteilungen und so weiter. Gerade bei Nischenthemen kann man damit schon relativ viel erreichen. Doch der Kauf solcher Pakete sollte immer m\u00f6glichst nur als Beimengung dienen und keinesfalls den gesamten Linkmix dominieren (siehe Abschnitt zum Linkmix). Mit den letzten Algo-Updates hat Google wirksame Mittel gefunden, dies schnell als Manipulation zu erkennen. Stichwort Pinguin-Updates <a href=\"https:\/\/www.backlinktest.com\/blog\/penguin-4-0-das-ist-neu\/\">wie diesem<\/a>.<\/p>\n<h2>3. Direkter Kauf<\/h2>\n<p>Wer die Geschicke und den Linkaufbau seiner Seite lieber in die eigenen H\u00e4nde legen m\u00f6chte, kann sich den Umweg \u00fcber eine Agentur selbstverst\u00e4ndlich auch sparen. Ein gewisses Ma\u00df an Erfahrung empfehlen wir bei diesem Schritt dennoch. <\/p>\n<p>Wie schon erw\u00e4hnt gibt es dutzende Wege, Links zu kaufen bzw. zu sammeln. Nur die Phantasie und der Geldbeutel determinieren die Grenzen beim Linkbuilding! Der erste und simpelste Weg f\u00fchrt \u00fcber spezielle Portale, auf den man Links kaufen und\/oder verkaufen kann. Das popul\u00e4rste und umfangreichste ist teliad.de. Hier kann man sich passende Backlinks nach zahlreichen Kriterien, z.B. Webseitenthema, PR, Alter, Linkposition, Typ u.s.w., aussuchen und direkt buchen. Der Nachteil f\u00fcr den K\u00e4ufer ist lediglich, dass man nicht genau wei\u00df, auf welcher Seite der Link letztendlich gebucht wird, da die Abwicklung aus verst\u00e4ndlichen Gr\u00fcnden (siehe Punkt 1) anonym ist.<\/p>\n<p>&nbsp;<\/p>\n<div align=\"center\"><!--adsense#banner2--><\/div>\n<p>&nbsp;<\/p>\n<h3>3.1 Blog Marketing \u2013 Backlinks direkt oder indirekt von Bloggern kaufen<\/h3>\n<p>Als sehr elegant und effektiv gilt das <u>Marketing und SEO \u00fcber Blogs<\/u>. Seit gut 2 Jahren erf\u00e4hrt dieser Markt ein rasantes Wachstum. Die Nachfrage nach solchen Links ist praktisch unbegrenzt. Und dies hat mehrere Gr\u00fcnde. Wenn der Blogbeitrag dem Leser einen echten Mehrwert bietet und der Link nicht sofort als Werbung bzw. Kauflink erkennbar ist, l\u00e4uft man zun\u00e4chst einmal nicht Gefahr, als Linkk\u00e4ufer aufzufliegen (siehe Abschnitt 1). Zudem sind Backlinks aus dem laufenden, thematisch passenden Text heraus, sehr viel wirksamer und \u201enat\u00fcrlicher\u201c, als etwa Links im Footerbereich oder sonst wo am Rand der Seite. Netter Nebeneffekt: Ist der Blog gut besucht, springen gleich noch Besucher mit dabei raus. Um Blogger zu gewinnen, die einen Beitrag mit passendem Link auf ihrer Seite unterbringen, gibt es drei Wege. Zum einen, man sucht sich m\u00fchsam eine Liste von Kandidaten heraus und schreibt sie einzeln an (mit Namen!). <\/p>\n<p>Oder man sucht Portale auf, die sich auf die <u>Vermittlung von Payed-Bloggern<\/u> spezialisiert haben. Dort kann man entweder direkt Beitr\u00e4ge mit Links kaufen oder aber mehrere Bewerbungen eingehen lassen und diese dann nach Bedarf vergeben. Zu empfehlen ist unserer Ansicht nach nur noch ranksider.de. Rankseller.de wurde Mitte 2014, wie auch (ex) teliad.de, von Google als Linkverk\u00e4ufer abgestraft. In Folge waren beide Seiten sogar in den Serps nicht mehr (oder kaum) zu finden. Auch einige Kunden bekamen einen &#8222;blauen Brief&#8220; von Google in Form einer Abstrafungsmeldung wegen Linkkauf. Eine Konsequenz war auch, dass Teliad sich komplett umfirmierte und nun unter &#8222;Seedingup&#8220; auftritt &#8211; der Fokus liegt nun eher auf Contentmarketing.<\/p>\n<p>Eine sichere und elegante Alternative w\u00e4re noch das Jobportal <a href=\"https:\/\/www.bloggerjobs.de\" title=\"zu Bloggerjobs\" target=\"_blank\" rel=\"nofollow noopener noreferrer\">Bloggerjobs.de<\/a>, das auch aktiv genutzt wird, Blogger f\u00fcr diesen Zweck zu finden. Der Vorteil hier: Private Absprachen unter Bloggern sind praktisch nicht &#8222;enttarnbar&#8220;, solange beide Seiten den Linkverkauf clever anstellen. Preisspanne: Je nach Qualit\u00e4t des Blogs zwischen 30 und 250 Euro f\u00fcr Beitrag plus dauerhaftem Backlink. Nicht ganz billig, aber wirksam sowie relativ sicher und dauerhaft g\u00fcnstiger als mieten!<\/p>\n<h3>3.2 Hilfreiche Tools<\/h3>\n<div class=\"bild_r\"><!--adsense#banner1--><\/div>\n<p>Wer \u00fcber die Zeit mehr als 5 Links in Eigenregie kauft, sollte seine \u201eInvestition\u201c nach M\u00f6glichkeit beobachten. Nicht immer muss ein Link aus Vorsatz verschwinden, aber leider gibt es auch solche F\u00e4lle. Kontrolle ist daher besser als Nachsicht. Die wenigsten werden jedoch Zeit und Lust haben, die Links permanent zu kontrollieren. Gl\u00fccklicher Weise gibt es auch daf\u00fcr Hilfsmittel, die f\u00fcr Sie die \u00dcberwachung \u00fcbernehmen. Ist eine Seite mit dem Link nicht erreichbar, verschwunden oder mit nofollow markiert, erh\u00e4lt man automatisch eine Benachrichtigung. Kostenlos sind diese Dienste allerdings nicht. Recht empfehlenswert finden wir Linkbutler.de. Das Tool bietet zudem noch zahlreiche, weitere Funktionen, die die Linkverwaltung erheblich erleichtern. Erh\u00e4ltlich ab rund 16 Euro im Monat.<\/p>\n<h3>3.3\tNicht blind drauf los kaufen &#8230;<\/h3>\n<p>Auch wenn Sie jetzt die wichtigsten Informationen dazu haben, wo man wie Backlinks erwerben kann &#8211; verfallen Sie nicht gleich in blinden Aktionismus. Wer bisher gar kein Linkbuilding oder nur in extrem geringen Umfang betrieben hat und innerhalb weniger Tage gleich mehrere starke Backlinks f\u00fcr seine Seite kauft, wird aller Wahrscheinlichkeit das Geld zum Fenster rauswerfen. So ein unnat\u00fcrlicher Aufbau w\u00fcrde mit Sicherheit erkannt. Gehen Sie es also langsam an und entwerfen einen Zeitplan. Mixen Sie hochwertigere Links mit weniger starken. Verwenden Sie keinesfalls immer dieselben Keywords bei der Verlinkung. Je h\u00f6her die Varianz, desto nat\u00fcrlicher wirkt die Struktur insgesamt. Und da kommen wir direkt zum Linkmix.<\/p>\n<h3>3.4 Der richtige Linkmix macht es!<\/h3>\n<p>Link ist nicht gleich Link! Es gibt dutzende Parameter, die die Art und Wertigkeit determinieren. Wer ist die verlinkende Seite und welchen \u201eRuf\u201c genie\u00dft sie selbst bei Google? Steht der Link im Zusammenhang zum Thema, ist er maskiert (follow, nofollow), gibt es noch andere ausgehende Links und so weiter. Der Linkmix sollte nach M\u00f6glichkeit sehr diversifiziert sein, \u00e4hnlich wie ein gutes Aktienportfolio. Es w\u00e4re beispielsweise vollkommen unwahrscheinlich, dass eine Seite auf organischem Weg nur Links aus Foren bekommt oder von Presseportalen. Gleiches gilt f\u00fcr Links ausschlie\u00dflich von erstklassigen, starken Seiten. Man achte also auf eine gute Streuung in jedweder Hinsicht. Leicht zu erhaschende Linkquellen, wie Webkataloge, k\u00f6nnen zwar beigemengt werden, sollten aber stets mit Quellen angereichert werden, die nicht ohne weiteres zu bekommen sind. Hier ist als Stichwort der Begriff \u201eTrust\u201c zu nennen. Links von Seiten, die ein hohes Ansehen bei Google genie\u00dfen, sind selbstredend wesentlich mehr wert als solche, die praktisch jeder haben kann. Wie Sie sich vorstellen k\u00f6nnen, ist es sehr schwer, einen Link von einer Autorit\u00e4t wie spiegel.de oder stern.de zu bekommen. So etwas kann man sich in der Regel nur &#8222;verdienen&#8220; mit guten Inhalten (siehe Abschnitt 5). Das wei\u00df auch Google. Es m\u00fcssen nat\u00fcrlich nicht gleich die ganz gro\u00dfen Kaliber sein, das war vielmehr zur Verdeutlichung gedacht. Beispiel: Haben Sie einen regionalen Reiseshop? Vielleicht kommen Sie ins Gespr\u00e4ch mit einem Blogger, der einen gut laufenden Urlaubsblog unterh\u00e4lt. Nicht \u00fcberall erh\u00e4lt man ein Feedback, aber fragen kostet ja nichts. Oder Ihre lokale Zeitung hat eine Onlineredaktion. Auch dort w\u00e4re eine Anfrage m\u00f6glich, ob ein Beitrag mit Link (gegen Entgelt) m\u00f6glich w\u00e4re.<\/p>\n<h2>4. Besser \u201eunter dem Radar\u201c<\/h2>\n<div class=\"bild_r\"><img loading=\"lazy\" decoding=\"async\" src=\"https:\/\/www.backlinktest.com\/blog\/wp-content\/uploads\/2012\/11\/bild-link1.jpg\" alt=\"\" title=\"auff\u00e4llige Kauflinks\" width=\"314\" height=\"133\"\/><\/div>\n<p>Wie schon angedeutet, kann es negative Auswirkungen haben, wenn Sie als Backlinkk\u00e4ufer identifiziert werden. Doch wie bleibt man unentdeckt? 100% Sicherheit gibt es dazu selbstverst\u00e4ndlich nicht, aber wer ein paar simple Tipps beherzigt, wird Nachts weiter gut schlafen k\u00f6nnen. Bei Google handelt es sich um eine Maschine. Wie wir schon im vorangegangenen Abschnitt versucht haben zu verdeutlichen, gilt es <u>jedwede Form von Mustern<\/u> zu vermeiden. Kaufen Sie jeden Monat am 15. genau 5 Links auf 5 Seiten und das \u00fcber Monate hinweg, braucht es keine Wundermaschine, dies als Linkkauf zu enttarnen. Haben Sie nur Backlinks von Seiten, die als \u201eLinkschleuder\u201c bekannt sind, er\u00fcbrigt sich die Analyse. Sie verwenden stets dasselbe Keyword oder nur mit leichter Abwandlung? Dann \u00fcberlegen Sie mal, ob Ihre Seite in echt (also organisch) wirklich jemals mit \u201eXY g\u00fcnstig\u201c verlinkt worden w\u00e4re und das gleich 3 Mal im selben Text!? Ein Blogpost dagegen, zum Thema \u201emeine letzte Urlaubsreise\u201c mit dem Hinweis \u201emehr zu den Kanaren findet man hier\u201c &#8211; und \u201ehier\u201c als Link &#8211; sowas d\u00fcrfte selbst ein Mensch nicht als gekauft identifizieren k\u00f6nnen. \u00dcbrigens: Angeblich setzt Google parallel auch Menschen ein, um besonders auff\u00e4llige Links und Seiten noch einmal \u201ezu begutachten\u201c. <\/p>\n<h2>5. Backlinks verdienen anstatt kaufen<\/h2>\n<p>Die beste, sicherste und dazu die g\u00fcnstigste Strategie ist jedoch nach wie vor sich Backlinks zu verdienen. Es geht also auch ohne kaufen! Dies setzt allerdings mehrere Dinge voraus. Erstens Kreativit\u00e4t! Zweitens viel Arbeitseifer und drittens muss Ihre Webseite mindestens ein Text, Bild oder Hilfstool haben, das wirklich die Menschen begeistern kann. Haben Sie als einziger ein lange, in Foren diskutiertes Computerproblem gel\u00f6st? Oder ein Tool geschrieben, dass die Tintenanzeige des Druckers jetzt richtig anzeigt, aber zehntausende Kunden Probleme hatten? Dann d\u00fcrfte es nicht lange dauern und Ihre Seite wird mit Links (nat\u00fcrlichen!) \u00fcberh\u00e4uft werden. Dies ist selbstverst\u00e4ndlich nur ein Beispiel. Denn wir erinnern uns an erstens &#8211; Kreativit\u00e4t! Dann kann der Linkaufbau auch ohne den teuren Kauf von Backlinks gelingen. Und so sollte es ja eigentlich auch sein. In diesem Sinne &#8211; viel Erfolg beim Sammeln, auf welche Art auch immer.<\/p>\n<p><img loading=\"lazy\" decoding=\"async\" src=\"https:\/\/www.backlinktest.com\/blog\/wp-content\/uploads\/2017\/03\/bl-kaufen.jpg\" alt=\"\" width=\"580\" height=\"349\" class=\"alignright size-full wp-image-1185\" srcset=\"https:\/\/www.backlinktest.com\/blog\/wp-content\/uploads\/2017\/03\/bl-kaufen.jpg 580w, https:\/\/www.backlinktest.com\/blog\/wp-content\/uploads\/2017\/03\/bl-kaufen-300x181.jpg 300w\" sizes=\"auto, (max-width: 580px) 100vw, 580px\" \/><\/p>\n<h2>6. Tipp: Backlinks checken und analysieren<\/h2>\n<p>Wie viele Backlinks habe ich eigentlich und von wem? Wie ist die Qualit\u00e4t dieser und mit welchen Keywords werde ich verlinkt? F\u00fcr diese und andere Fragen, <a href=\"https:\/\/www.backlinktest.com\" title=\"Backlinkcheck jetzt starten\" target=\"_blank\" rel=\"noopener noreferrer\">bieten wir unseren Backlinkchecker<\/a>. Mit diesem k\u00f6nnen beliebige Seiten v\u00f6llig kostenlos analysiert werden. Die Ergebnisse lassen sich als PDF abspeichern und so die Erfolge \u00fcber die Zeit dokumentieren. <\/p>\n<h2>Weiterf\u00fchrendes<\/h2>\n<p>&raquo; <a href=\"https:\/\/www.backlinktest.com\/blog\/linkgebende-websites-vor-dem-backlinkaufbau-checken-teil-1\/\">Grundlagen des Backlinkaufbaus<\/a><br \/>\n&raquo; <a href=\"https:\/\/www.backlinktest.com\/blog\/links-aufbauen-tipps\/\">Tipps zum Linkaufbau <\/a><\/p>\n<p>&nbsp;<\/p>\n<div class=\"quelle\">Bild oben Tastatur: \u00a9 mtkang; Bild: Tisch mit Grafik: Bild: \u00a9 Kzenon; Bild: Schreibusch mit Pfeilen: \u00a9 everythingpossible &#8211; Fotolia.com<\/div>\n","protected":false},"excerpt":{"rendered":"<p>Backlinks sind seit jeher das sprichw\u00f6rtliche \u201eSalz in der Suppe\u201c beim Thema Suchmaschinenoptimierung, kurz SEO. Sie gelten bis heute als DER entscheidende Einflussflaktor (von vielen) &hellip; <\/p>\n","protected":false},"author":2,"featured_media":0,"parent":0,"menu_order":0,"comment_status":"open","ping_status":"closed","template":"","meta":{"jetpack_post_was_ever_published":false,"footnotes":""},"class_list":["post-424","page","type-page","status-publish","hentry"],"aioseo_notices":[],"jetpack_shortlink":"https:\/\/wp.me\/P1Rh7p-6Q","jetpack_sharing_enabled":true,"_links":{"self":[{"href":"https:\/\/www.backlinktest.com\/blog\/wp-json\/wp\/v2\/pages\/424","targetHints":{"allow":["GET"]}}],"collection":[{"href":"https:\/\/www.backlinktest.com\/blog\/wp-json\/wp\/v2\/pages"}],"about":[{"href":"https:\/\/www.backlinktest.com\/blog\/wp-json\/wp\/v2\/types\/page"}],"author":[{"embeddable":true,"href":"https:\/\/www.backlinktest.com\/blog\/wp-json\/wp\/v2\/users\/2"}],"replies":[{"embeddable":true,"href":"https:\/\/www.backlinktest.com\/blog\/wp-json\/wp\/v2\/comments?post=424"}],"version-history":[{"count":1,"href":"https:\/\/www.backlinktest.com\/blog\/wp-json\/wp\/v2\/pages\/424\/revisions"}],"predecessor-version":[{"id":1908,"href":"https:\/\/www.backlinktest.com\/blog\/wp-json\/wp\/v2\/pages\/424\/revisions\/1908"}],"wp:attachment":[{"href":"https:\/\/www.backlinktest.com\/blog\/wp-json\/wp\/v2\/media?parent=424"}],"curies":[{"name":"wp","href":"https:\/\/api.w.org\/{rel}","templated":true}]}}